{"id":522,"date":"2025-08-30T10:25:19","date_gmt":"2025-08-30T10:25:19","guid":{"rendered":"https:\/\/umrah.buildanwebsite.com\/?page_id=522"},"modified":"2025-11-18T16:05:17","modified_gmt":"2025-11-18T16:05:17","slug":"conditions-generales","status":"publish","type":"page","link":"https:\/\/umrah.buildanwebsite.com\/en\/conditions-generales\/","title":{"rendered":"Terms and Conditions"},"content":{"rendered":"<div data-elementor-type=\"wp-page\" data-elementor-id=\"522\" class=\"elementor elementor-522\" data-elementor-post-type=\"page\">\n\t\t\t\t<div class=\"elementor-element elementor-element-e5c6e1e e-flex e-con-boxed e-con e-parent\" data-id=\"e5c6e1e\" data-element_type=\"container\">\n\t\t\t\t\t<div class=\"e-con-inner\">\n\t\t<div class=\"elementor-element elementor-element-60e7c3b e-con-full e-flex e-con e-child\" data-id=\"60e7c3b\" data-element_type=\"container\" data-settings=\"{&quot;background_background&quot;:&quot;classic&quot;}\">\n\t\t\t\t<div class=\"elementor-element elementor-element-1a64e86 elementor-widget elementor-widget-heading\" data-id=\"1a64e86\" data-element_type=\"widget\" data-widget_type=\"heading.default\">\n\t\t\t\t<div class=\"elementor-widget-container\">\n\t\t\t\t\t<h2 class=\"elementor-heading-title elementor-size-default\"><span style=\"color:#83b735\">1.<\/span> Your title is displayed here<\/h2>\t\t\t\t<\/div>\n\t\t\t\t<\/div>\n\t\t\t\t<div class=\"elementor-element elementor-element-6c021ae elementor-widget elementor-widget-text-editor\" data-id=\"6c021ae\" data-element_type=\"widget\" data-widget_type=\"text-editor.default\">\n\t\t\t\t<div class=\"elementor-widget-container\">\n\t\t\t\t\t\t\t\t\t<p>When you leave a comment on the site, we collect the data shown in the comments form, as well as your IP address and browser (user agent) in order to combat spam.<\/p><p>An anonymized string (or hash) created from your email address may be sent to the Gravatar service to check if you are using it. Gravatar's privacy policy is available here:<\/p>\t\t\t\t\t\t\t\t<\/div>\n\t\t\t\t<\/div>\n\t\t\t\t<\/div>\n\t\t\t\t\t<\/div>\n\t\t\t\t<\/div>\n\t\t<div class=\"elementor-element elementor-element-c5425c5 e-flex e-con-boxed e-con e-parent\" data-id=\"c5425c5\" data-element_type=\"container\">\n\t\t\t\t\t<div class=\"e-con-inner\">\n\t\t<div class=\"elementor-element elementor-element-11430df e-con-full e-flex e-con e-child\" data-id=\"11430df\" data-element_type=\"container\" data-settings=\"{&quot;background_background&quot;:&quot;classic&quot;}\">\n\t\t\t\t<div class=\"elementor-element elementor-element-7d55544 elementor-widget elementor-widget-heading\" data-id=\"7d55544\" data-element_type=\"widget\" data-widget_type=\"heading.default\">\n\t\t\t\t<div class=\"elementor-widget-container\">\n\t\t\t\t\t<h2 class=\"elementor-heading-title elementor-size-default\"><span style=\"color:#83b735\">2.<\/span>Your title is displayed here<\/h2>\t\t\t\t<\/div>\n\t\t\t\t<\/div>\n\t\t\t\t<div class=\"elementor-element elementor-element-d472377 elementor-widget elementor-widget-text-editor\" data-id=\"d472377\" data-element_type=\"widget\" data-widget_type=\"text-editor.default\">\n\t\t\t\t<div class=\"elementor-widget-container\">\n\t\t\t\t\t\t\t\t\t<p>If you upload images to the website, avoid including geolocation data (EXIF GPS). Website visitors can download and extract this data.<\/p>\t\t\t\t\t\t\t\t<\/div>\n\t\t\t\t<\/div>\n\t\t\t\t<\/div>\n\t\t\t\t\t<\/div>\n\t\t\t\t<\/div>\n\t\t<div class=\"elementor-element elementor-element-96b4306 e-flex e-con-boxed e-con e-parent\" data-id=\"96b4306\" data-element_type=\"container\">\n\t\t\t\t\t<div class=\"e-con-inner\">\n\t\t<div class=\"elementor-element elementor-element-219773c e-con-full e-flex e-con e-child\" data-id=\"219773c\" data-element_type=\"container\" data-settings=\"{&quot;background_background&quot;:&quot;classic&quot;}\">\n\t\t\t\t<div class=\"elementor-element elementor-element-d6dae6f elementor-widget elementor-widget-heading\" data-id=\"d6dae6f\" data-element_type=\"widget\" data-widget_type=\"heading.default\">\n\t\t\t\t<div class=\"elementor-widget-container\">\n\t\t\t\t\t<h2 class=\"elementor-heading-title elementor-size-default\"><span style=\"color:#83b735\">3.<\/span> Your title is displayed here<\/h2>\t\t\t\t<\/div>\n\t\t\t\t<\/div>\n\t\t\t\t<div class=\"elementor-element elementor-element-b2d39c8 elementor-widget elementor-widget-text-editor\" data-id=\"b2d39c8\" data-element_type=\"widget\" data-widget_type=\"text-editor.default\">\n\t\t\t\t<div class=\"elementor-widget-container\">\n\t\t\t\t\t\t\t\t\t<p>If you upload images to the website, please avoid including geolocation data (EXIF GPS). Website visitors can download and extract this data.<\/p><p>If you have an account and log in, a temporary cookie will be created to check if your browser accepts cookies. This cookie contains no personal data and is deleted when you close your browser.<\/p><p>When you log in, several cookies will also be created to save your login information and display preferences. Login cookies are stored for two days and display preference cookies for one year. If you check the \"Remember me\" box, your login will be maintained for two weeks. If you log out, the login cookies will be deleted.<\/p>\t\t\t\t\t\t\t\t<\/div>\n\t\t\t\t<\/div>\n\t\t\t\t<\/div>\n\t\t\t\t\t<\/div>\n\t\t\t\t<\/div>\n\t\t\t\t<\/div>","protected":false},"excerpt":{"rendered":"<p>1. Votre titre s&rsquo;affiche ici Lorsque vous laissez un commentaire sur le site, nous collectons les donn\u00e9es figurant dans le formulaire de commentaires, ainsi que votre adresse IP et votre navigateur (agent utilisateur) afin de lutter contre le spam. Une cha\u00eene anonymis\u00e9e (ou hachage) cr\u00e9\u00e9e \u00e0 partir de votre adresse e-mail peut \u00eatre transmise au [&hellip;]<\/p>","protected":false},"author":1,"featured_media":0,"parent":0,"menu_order":0,"comment_status":"closed","ping_status":"closed","template":"","meta":{"_acf_changed":false,"footnotes":""},"class_list":["post-522","page","type-page","status-publish","hentry"],"acf":[],"_links":{"self":[{"href":"https:\/\/umrah.buildanwebsite.com\/en\/wp-json\/wp\/v2\/pages\/522","targetHints":{"allow":["GET"]}}],"collection":[{"href":"https:\/\/umrah.buildanwebsite.com\/en\/wp-json\/wp\/v2\/pages"}],"about":[{"href":"https:\/\/umrah.buildanwebsite.com\/en\/wp-json\/wp\/v2\/types\/page"}],"author":[{"embeddable":true,"href":"https:\/\/umrah.buildanwebsite.com\/en\/wp-json\/wp\/v2\/users\/1"}],"replies":[{"embeddable":true,"href":"https:\/\/umrah.buildanwebsite.com\/en\/wp-json\/wp\/v2\/comments?post=522"}],"version-history":[{"count":81,"href":"https:\/\/umrah.buildanwebsite.com\/en\/wp-json\/wp\/v2\/pages\/522\/revisions"}],"predecessor-version":[{"id":1686,"href":"https:\/\/umrah.buildanwebsite.com\/en\/wp-json\/wp\/v2\/pages\/522\/revisions\/1686"}],"wp:attachment":[{"href":"https:\/\/umrah.buildanwebsite.com\/en\/wp-json\/wp\/v2\/media?parent=522"}],"curies":[{"name":"wp","href":"https:\/\/api.w.org\/{rel}","templated":true}]}}